{"id":427,"date":"2023-08-29T14:15:58","date_gmt":"2023-08-29T14:15:58","guid":{"rendered":"https:\/\/eventworks.es\/?page_id=427"},"modified":"2023-11-07T09:22:04","modified_gmt":"2023-11-07T09:22:04","slug":"mallorca","status":"publish","type":"page","link":"https:\/\/eventworks.es\/es\/destinos\/mallorca\/","title":{"rendered":"Mallorca"},"content":{"rendered":"<p>[et_pb_section fb_built=\u00bb1&#8243; admin_label=\u00bbHeader\u00bb _builder_version=\u00bb4.21.0&#8243; _module_preset=\u00bbdefault\u00bb background_color=\u00bbrgba(0,0,0,0.5)\u00bb background_image=\u00bbhttps:\/\/eventworks.es\/wp-content\/uploads\/mallorca-eventworks.jpg\u00bb background_position=\u00bbbottom_center\u00bb background_blend=\u00bbmultiply\u00bb custom_padding=\u00bb9vw||9vw||true|false\u00bb bottom_divider_style=\u00bbcurve2&#8243; bottom_divider_color=\u00bb#FFFFFF\u00bb bottom_divider_height=\u00bb60px\u00bb locked=\u00bboff\u00bb collapsed=\u00bbon\u00bb global_colors_info=\u00bb{}\u00bb][et_pb_row _builder_version=\u00bb4.21.0&#8243; _module_preset=\u00bbdefault\u00bb custom_padding=\u00bb|30px||30px|false|true\u00bb border_radii=\u00bbon|10px|10px|10px|10px\u00bb global_colors_info=\u00bb{}\u00bb][et_pb_column type=\u00bb4_4&#8243; _builder_version=\u00bb4.20.0&#8243; _module_preset=\u00bbdefault\u00bb global_colors_info=\u00bb{}\u00bb][et_pb_text _builder_version=\u00bb4.21.0&#8243; _module_preset=\u00bbdefault\u00bb text_font=\u00bbCormorant Garamond||on||||||\u00bb text_text_color=\u00bb#FFFFFF\u00bb text_font_size=\u00bb30px\u00bb text_line_height=\u00bb1.3em\u00bb text_orientation=\u00bbcenter\u00bb max_width=\u00bb600px\u00bb module_alignment=\u00bbcenter\u00bb global_colors_info=\u00bb{}\u00bb]<\/p>\n<p>Una isla de belleza natural, historia y cultura, donde el sol, el mar y la magia se combinan para crear un destino inolvidable.<\/p>\n<p>[\/et_pb_text][\/et_pb_column][\/et_pb_row][\/et_pb_section][et_pb_section fb_built=\u00bb1&#8243; admin_label=\u00bbHeader\u00bb _builder_version=\u00bb4.20.0&#8243; _module_preset=\u00bbdefault\u00bb collapsed=\u00bbon\u00bb global_colors_info=\u00bb{}\u00bb][et_pb_row _builder_version=\u00bb4.20.0&#8243; _module_preset=\u00bbdefault\u00bb global_colors_info=\u00bb{}\u00bb][et_pb_column type=\u00bb4_4&#8243; _builder_version=\u00bb4.20.0&#8243; _module_preset=\u00bbdefault\u00bb global_colors_info=\u00bb{}\u00bb][et_pb_text _builder_version=\u00bb4.23&#8243; _dynamic_attributes=\u00bbcontent\u00bb _module_preset=\u00bbfe779c17-2c17-4f95-a17f-3303deaeb26c\u00bb header_text_align=\u00bbleft\u00bb header_text_color=\u00bb#000000&#8243; header_font_size_tablet=\u00bb60px\u00bb header_font_size_phone=\u00bb40px\u00bb header_font_size_last_edited=\u00bbon|tablet\u00bb global_module=\u00bb665&#8243; saved_tabs=\u00bball\u00bb locked=\u00bboff\u00bb global_colors_info=\u00bb{}\u00bb]@ET-DC@eyJkeW5hbWljIjp0cnVlLCJjb250ZW50IjoicG9zdF90aXRsZSIsInNldHRpbmdzIjp7ImJlZm9yZSI6IjxoMT4iLCJhZnRlciI6IjwvaDE+In19@[\/et_pb_text][\/et_pb_column][\/et_pb_row][et_pb_row column_structure=\u00bb2_5,3_5&#8243; make_equal=\u00bbon\u00bb _builder_version=\u00bb4.20.0&#8243; _module_preset=\u00bbdefault\u00bb global_colors_info=\u00bb{}\u00bb][et_pb_column type=\u00bb2_5&#8243; _builder_version=\u00bb4.20.0&#8243; _module_preset=\u00bbdefault\u00bb global_colors_info=\u00bb{}\u00bb][et_pb_image src=\u00bbhttps:\/\/eventworks.es\/wp-content\/uploads\/mallorca-2.jpg\u00bb title_text=\u00bbmallorca-2&#8243; _builder_version=\u00bb4.21.0&#8243; _module_preset=\u00bbdefault\u00bb locked=\u00bboff\u00bb global_colors_info=\u00bb{}\u00bb][\/et_pb_image][\/et_pb_column][et_pb_column type=\u00bb3_5&#8243; _builder_version=\u00bb4.20.0&#8243; _module_preset=\u00bbdefault\u00bb global_colors_info=\u00bb{}\u00bb][et_pb_text _builder_version=\u00bb4.21.0&#8243; _module_preset=\u00bbb9a01541-e09e-4a89-a24f-54035c895152&#8243; text_text_color=\u00bb#000000&#8243; locked=\u00bboff\u00bb global_colors_info=\u00bb{}\u00bb]<\/p>\n<p>En el coraz\u00f3n del Mediterr\u00e1neo, atrae cada temporada a millones de personas. Un lugar de Espa\u00f1a en el que <strong>luce el sol casi todo el a\u00f1o<\/strong> y que se encuentra aproximadamente a <strong>dos horas de avi\u00f3n de las principales capitales europeas<\/strong>.<\/p>\n<p>Sus <strong>aguas claras y limpias<\/strong> son ideales para el ba\u00f1o y para la pr\u00e1ctica de actividades n\u00e1uticas como el <strong>submarinismo<\/strong>, el <strong>esqu\u00ed acu\u00e1tico<\/strong>, el <strong>windsurf<\/strong>, la <strong>vela<\/strong> e incluso el <strong>surf<\/strong>. En cualquier caso, no son los \u00fanicos deportes que se practican aqu\u00ed: el <strong>golf cuenta con un protagonismo muy especial<\/strong>. Existen numerosos campos, de cuidado dise\u00f1o, perfectamente integrados en el entorno, y adaptados a todos los niveles.<\/p>\n<p>[\/et_pb_text][et_pb_image src=\u00bbhttps:\/\/eventworks.es\/wp-content\/uploads\/mallorca.jpg\u00bb title_text=\u00bbmallorca\u00bb _builder_version=\u00bb4.21.0&#8243; _module_preset=\u00bbdefault\u00bb locked=\u00bboff\u00bb global_colors_info=\u00bb{}\u00bb][\/et_pb_image][\/et_pb_column][\/et_pb_row][et_pb_row _builder_version=\u00bb4.21.0&#8243; _module_preset=\u00bbdefault\u00bb locked=\u00bboff\u00bb global_colors_info=\u00bb{}\u00bb][et_pb_column type=\u00bb4_4&#8243; _builder_version=\u00bb4.21.0&#8243; _module_preset=\u00bbdefault\u00bb global_colors_info=\u00bb{}\u00bb][et_pb_divider color=\u00bb#C80D3A\u00bb _builder_version=\u00bb4.21.0&#8243; _module_preset=\u00bbdefault\u00bb max_width=\u00bb50%\u00bb module_alignment=\u00bbright\u00bb locked=\u00bboff\u00bb global_colors_info=\u00bb{}\u00bb][\/et_pb_divider][\/et_pb_column][\/et_pb_row][et_pb_row column_structure=\u00bb3_5,2_5&#8243; _builder_version=\u00bb4.21.0&#8243; _module_preset=\u00bbdefault\u00bb locked=\u00bboff\u00bb global_colors_info=\u00bb{}\u00bb][et_pb_column type=\u00bb3_5&#8243; _builder_version=\u00bb4.21.0&#8243; _module_preset=\u00bbdefault\u00bb global_colors_info=\u00bb{}\u00bb][et_pb_text _builder_version=\u00bb4.21.0&#8243; _module_preset=\u00bbb9a01541-e09e-4a89-a24f-54035c895152&#8243; text_text_color=\u00bb#000000&#8243; locked=\u00bboff\u00bb global_colors_info=\u00bb{}\u00bb]<\/p>\n<p>Se dir\u00eda que la isla tiene un <strong>esp\u00edritu especial<\/strong>. Posee una <strong>amplia oferta<\/strong> complementaria que permite una <strong>extensa agenda de actividades<\/strong>.<\/p>\n<p>[\/et_pb_text][\/et_pb_column][et_pb_column type=\u00bb2_5&#8243; _builder_version=\u00bb4.21.0&#8243; _module_preset=\u00bbdefault\u00bb global_colors_info=\u00bb{}\u00bb][et_pb_button button_url=\u00bb@ET-DC@eyJkeW5hbWljIjp0cnVlLCJjb250ZW50IjoicG9zdF9saW5rX3VybF9wYWdlIiwic2V0dGluZ3MiOnsicG9zdF9pZCI6IjIyNSJ9fQ==@\u00bb button_text=\u00bbTu agencia MICE en Espa\u00f1a\u00bb button_alignment=\u00bbright\u00bb button_alignment_tablet=\u00bbcenter\u00bb button_alignment_phone=\u00bbcenter\u00bb button_alignment_last_edited=\u00bbon|tablet\u00bb _builder_version=\u00bb4.23&#8243; _dynamic_attributes=\u00bbbutton_url\u00bb _module_preset=\u00bba590c9b9-20cd-4392-99f8-0de8baf2fcee\u00bb button_text_color=\u00bb#000000&#8243; button_border_color=\u00bb#000000&#8243; button_border_radius=\u00bb0px\u00bb button_use_icon=\u00bboff\u00bb hover_enabled=\u00bb0&#8243; locked=\u00bboff\u00bb global_colors_info=\u00bb{%22gcid-ad629ad7-29bc-4d34-a428-476c380868ee%22:%91%22button_text_color%22%93}\u00bb button_bg_color__hover=\u00bb#C80D3A\u00bb button_bg_color__hover_enabled=\u00bboff|desktop\u00bb button_border_color__hover=\u00bb#C80D3A\u00bb button_border_color__hover_enabled=\u00bbon|hover\u00bb button_text_color__hover_enabled=\u00bboff|desktop\u00bb button_text_color__hover=\u00bb#FFFFFF\u00bb button_bg_enable_color__hover=\u00bbon\u00bb sticky_enabled=\u00bb0&#8243;][\/et_pb_button][\/et_pb_column][\/et_pb_row][et_pb_row _builder_version=\u00bb4.21.0&#8243; _module_preset=\u00bbdefault\u00bb locked=\u00bboff\u00bb global_colors_info=\u00bb{}\u00bb][et_pb_column type=\u00bb4_4&#8243; _builder_version=\u00bb4.21.0&#8243; _module_preset=\u00bbdefault\u00bb global_colors_info=\u00bb{}\u00bb][et_pb_divider color=\u00bb#C80D3A\u00bb _builder_version=\u00bb4.21.0&#8243; _module_preset=\u00bbdefault\u00bb max_width=\u00bb50%\u00bb module_alignment=\u00bbleft\u00bb locked=\u00bboff\u00bb global_colors_info=\u00bb{}\u00bb][\/et_pb_divider][\/et_pb_column][\/et_pb_row][et_pb_row _builder_version=\u00bb4.21.0&#8243; _module_preset=\u00bbdefault\u00bb global_colors_info=\u00bb{}\u00bb][et_pb_column type=\u00bb4_4&#8243; _builder_version=\u00bb4.21.0&#8243; _module_preset=\u00bbdefault\u00bb global_colors_info=\u00bb{}\u00bb][et_pb_text _builder_version=\u00bb4.21.0&#8243; _module_preset=\u00bbb9a01541-e09e-4a89-a24f-54035c895152&#8243; text_text_color=\u00bb#FFFFFF\u00bb header_font=\u00bb|600|||||||\u00bb header_text_align=\u00bbcenter\u00bb header_text_color=\u00bb#FFFFFF\u00bb header_font_size=\u00bb20px\u00bb header_2_font=\u00bb|300|||||||\u00bb header_2_text_align=\u00bbcenter\u00bb header_2_text_color=\u00bb#000000&#8243; header_2_font_size=\u00bb30px\u00bb custom_padding=\u00bb||||false|false\u00bb locked=\u00bboff\u00bb global_colors_info=\u00bb{}\u00bb]<\/p>\n<h2>Im\u00e1genes que te transportan<\/h2>\n<p>[\/et_pb_text][et_pb_gallery gallery_ids=\u00bb434,436,437,443,444,445,446,447&#8243; posts_number=\u00bb9999&#8243; show_title_and_caption=\u00bboff\u00bb show_pagination=\u00bboff\u00bb _builder_version=\u00bb4.21.0&#8243; _module_preset=\u00bbdefault\u00bb global_colors_info=\u00bb{}\u00bb][\/et_pb_gallery][\/et_pb_column][\/et_pb_row][\/et_pb_section][et_pb_section fb_built=\u00bb1&#8243; prev_background_color=\u00bb#ffffff\u00bb admin_label=\u00bbFooter\u00bb _builder_version=\u00bb4.23&#8243; _module_preset=\u00bbdefault\u00bb background_color=\u00bb#FFFFFF\u00bb background_image=\u00bbhttps:\/\/eventworks.es\/wp-content\/uploads\/contacta-con-eventworks-tu-agencia-mice-en-espana.jpg\u00bb custom_padding=\u00bb93px||60px||false|false\u00bb top_divider_style=\u00bbcurve2&#8243; top_divider_height=\u00bb46px\u00bb global_module=\u00bb420&#8243; saved_tabs=\u00bball\u00bb locked=\u00bboff\u00bb collapsed=\u00bbon\u00bb global_colors_info=\u00bb{}\u00bb][et_pb_row _builder_version=\u00bb4.20.0&#8243; _module_preset=\u00bbdefault\u00bb global_colors_info=\u00bb{}\u00bb][et_pb_column type=\u00bb4_4&#8243; _builder_version=\u00bb4.20.0&#8243; _module_preset=\u00bbdefault\u00bb global_colors_info=\u00bb{}\u00bb][et_pb_text _builder_version=\u00bb4.23&#8243; _module_preset=\u00bb5503afac-8a0f-4a5c-9e5d-75ec5fd4376a\u00bb header_2_font=\u00bbCormorant Garamond|300|||||||\u00bb header_2_text_color=\u00bb#FFFFFF\u00bb header_2_font_size=\u00bb50px\u00bb header_2_letter_spacing=\u00bb0.1em\u00bb text_orientation=\u00bbcenter\u00bb header_2_font_size_tablet=\u00bb45px\u00bb header_2_font_size_phone=\u00bb40px\u00bb global_colors_info=\u00bb{}\u00bb]<\/p>\n<h2>Es hora de viajar<\/h2>\n<p>[\/et_pb_text][et_pb_button button_url=\u00bb@ET-DC@eyJkeW5hbWljIjp0cnVlLCJjb250ZW50IjoicG9zdF9saW5rX3VybF9wYWdlIiwic2V0dGluZ3MiOnsicG9zdF9pZCI6IjIyNyJ9fQ==@\u00bb button_text=\u00bbContrata tu agencia MICE en Espa\u00f1a\u00bb button_alignment=\u00bbcenter\u00bb _builder_version=\u00bb4.21.0&#8243; _dynamic_attributes=\u00bbbutton_url\u00bb _module_preset=\u00bb35fb28dc-58b7-4549-ad05-9aa2e2ccfed7&#8243; button_border_radius=\u00bb0px\u00bb button_use_icon=\u00bboff\u00bb button_bg_color_last_edited=\u00bboff|desktop\u00bb locked=\u00bboff\u00bb global_colors_info=\u00bb{}\u00bb button_bg_color__hover_enabled=\u00bboff|hover\u00bb button_bg_color__hover=\u00bb#000000&#8243; button_bg_enable_color__hover=\u00bbon\u00bb button_border_color__hover_enabled=\u00bbon|hover\u00bb button_border_color__hover=\u00bb#C80D3A\u00bb][\/et_pb_button][\/et_pb_column][\/et_pb_row][\/et_pb_section]<\/p>\n","protected":false},"excerpt":{"rendered":"<p>Una isla de belleza natural, historia y cultura, donde el sol, el mar y la magia se combinan para crear un destino inolvidable.En el coraz\u00f3n del Mediterr\u00e1neo, atrae cada temporada a millones de personas. Un lugar de Espa\u00f1a en el que luce el sol casi todo el a\u00f1o y que se encuentra aproximadamente a dos [&hellip;]<\/p>\n","protected":false},"author":4,"featured_media":0,"parent":305,"menu_order":0,"comment_status":"closed","ping_status":"closed","template":"","meta":{"_et_pb_use_builder":"on","_et_pb_old_content":"","_et_gb_content_width":"","footnotes":""},"class_list":["post-427","page","type-page","status-publish","hentry"],"yoast_head":"<!-- This site is optimized with the Yoast SEO plugin v27.3 - https:\/\/yoast.com\/product\/yoast-seo-wordpress\/ -->\n<title>Mallorca - Eventworks<\/title>\n<meta name=\"description\" content=\"Descubre Mallorca como destino MICE. En Eventworks nos encargamos de hacer un evento \u00fanico para tu empresa.\" \/>\n<meta name=\"robots\" content=\"index, follow, max-snippet:-1, max-image-preview:large, max-video-preview:-1\" \/>\n<link rel=\"canonical\" href=\"https:\/\/eventworks.es\/es\/destinos\/mallorca\/\" \/>\n<meta property=\"og:locale\" content=\"es_ES\" \/>\n<meta property=\"og:type\" content=\"article\" \/>\n<meta property=\"og:title\" content=\"Mallorca - Eventworks\" \/>\n<meta property=\"og:description\" content=\"Descubre Mallorca como destino MICE. En Eventworks nos encargamos de hacer un evento \u00fanico para tu empresa.\" \/>\n<meta property=\"og:url\" content=\"https:\/\/eventworks.es\/es\/destinos\/mallorca\/\" \/>\n<meta property=\"og:site_name\" content=\"Eventworks\" \/>\n<meta property=\"article:modified_time\" content=\"2023-11-07T09:22:04+00:00\" \/>\n<meta name=\"twitter:card\" content=\"summary_large_image\" \/>\n<meta name=\"twitter:label1\" content=\"Tiempo de lectura\" \/>\n\t<meta name=\"twitter:data1\" content=\"2 minutos\" \/>\n<script type=\"application\/ld+json\" class=\"yoast-schema-graph\">{\"@context\":\"https:\\\/\\\/schema.org\",\"@graph\":[{\"@type\":\"WebPage\",\"@id\":\"https:\\\/\\\/eventworks.es\\\/es\\\/destinos\\\/mallorca\\\/\",\"url\":\"https:\\\/\\\/eventworks.es\\\/es\\\/destinos\\\/mallorca\\\/\",\"name\":\"Mallorca - Eventworks\",\"isPartOf\":{\"@id\":\"https:\\\/\\\/eventworks.es\\\/es\\\/#website\"},\"datePublished\":\"2023-08-29T14:15:58+00:00\",\"dateModified\":\"2023-11-07T09:22:04+00:00\",\"description\":\"Descubre Mallorca como destino MICE. En Eventworks nos encargamos de hacer un evento \u00fanico para tu empresa.\",\"breadcrumb\":{\"@id\":\"https:\\\/\\\/eventworks.es\\\/es\\\/destinos\\\/mallorca\\\/#breadcrumb\"},\"inLanguage\":\"es\",\"potentialAction\":[{\"@type\":\"ReadAction\",\"target\":[\"https:\\\/\\\/eventworks.es\\\/es\\\/destinos\\\/mallorca\\\/\"]}]},{\"@type\":\"BreadcrumbList\",\"@id\":\"https:\\\/\\\/eventworks.es\\\/es\\\/destinos\\\/mallorca\\\/#breadcrumb\",\"itemListElement\":[{\"@type\":\"ListItem\",\"position\":1,\"name\":\"Portada\",\"item\":\"https:\\\/\\\/eventworks.es\\\/es\\\/\"},{\"@type\":\"ListItem\",\"position\":2,\"name\":\"Destinos\",\"item\":\"https:\\\/\\\/eventworks.es\\\/es\\\/destinations\\\/\"},{\"@type\":\"ListItem\",\"position\":3,\"name\":\"Mallorca\"}]},{\"@type\":\"WebSite\",\"@id\":\"https:\\\/\\\/eventworks.es\\\/es\\\/#website\",\"url\":\"https:\\\/\\\/eventworks.es\\\/es\\\/\",\"name\":\"Eventworks\",\"description\":\"Your MICE Partner in Spain\",\"potentialAction\":[{\"@type\":\"SearchAction\",\"target\":{\"@type\":\"EntryPoint\",\"urlTemplate\":\"https:\\\/\\\/eventworks.es\\\/es\\\/?s={search_term_string}\"},\"query-input\":{\"@type\":\"PropertyValueSpecification\",\"valueRequired\":true,\"valueName\":\"search_term_string\"}}],\"inLanguage\":\"es\"}]}<\/script>\n<!-- \/ Yoast SEO plugin. -->","yoast_head_json":{"title":"Mallorca - Eventworks","description":"Descubre Mallorca como destino MICE. En Eventworks nos encargamos de hacer un evento \u00fanico para tu empresa.","robots":{"index":"index","follow":"follow","max-snippet":"max-snippet:-1","max-image-preview":"max-image-preview:large","max-video-preview":"max-video-preview:-1"},"canonical":"https:\/\/eventworks.es\/es\/destinos\/mallorca\/","og_locale":"es_ES","og_type":"article","og_title":"Mallorca - Eventworks","og_description":"Descubre Mallorca como destino MICE. En Eventworks nos encargamos de hacer un evento \u00fanico para tu empresa.","og_url":"https:\/\/eventworks.es\/es\/destinos\/mallorca\/","og_site_name":"Eventworks","article_modified_time":"2023-11-07T09:22:04+00:00","twitter_card":"summary_large_image","twitter_misc":{"Tiempo de lectura":"2 minutos"},"schema":{"@context":"https:\/\/schema.org","@graph":[{"@type":"WebPage","@id":"https:\/\/eventworks.es\/es\/destinos\/mallorca\/","url":"https:\/\/eventworks.es\/es\/destinos\/mallorca\/","name":"Mallorca - Eventworks","isPartOf":{"@id":"https:\/\/eventworks.es\/es\/#website"},"datePublished":"2023-08-29T14:15:58+00:00","dateModified":"2023-11-07T09:22:04+00:00","description":"Descubre Mallorca como destino MICE. En Eventworks nos encargamos de hacer un evento \u00fanico para tu empresa.","breadcrumb":{"@id":"https:\/\/eventworks.es\/es\/destinos\/mallorca\/#breadcrumb"},"inLanguage":"es","potentialAction":[{"@type":"ReadAction","target":["https:\/\/eventworks.es\/es\/destinos\/mallorca\/"]}]},{"@type":"BreadcrumbList","@id":"https:\/\/eventworks.es\/es\/destinos\/mallorca\/#breadcrumb","itemListElement":[{"@type":"ListItem","position":1,"name":"Portada","item":"https:\/\/eventworks.es\/es\/"},{"@type":"ListItem","position":2,"name":"Destinos","item":"https:\/\/eventworks.es\/es\/destinations\/"},{"@type":"ListItem","position":3,"name":"Mallorca"}]},{"@type":"WebSite","@id":"https:\/\/eventworks.es\/es\/#website","url":"https:\/\/eventworks.es\/es\/","name":"Eventworks","description":"Your MICE Partner in Spain","potentialAction":[{"@type":"SearchAction","target":{"@type":"EntryPoint","urlTemplate":"https:\/\/eventworks.es\/es\/?s={search_term_string}"},"query-input":{"@type":"PropertyValueSpecification","valueRequired":true,"valueName":"search_term_string"}}],"inLanguage":"es"}]}},"_links":{"self":[{"href":"https:\/\/eventworks.es\/es\/wp-json\/wp\/v2\/pages\/427","targetHints":{"allow":["GET"]}}],"collection":[{"href":"https:\/\/eventworks.es\/es\/wp-json\/wp\/v2\/pages"}],"about":[{"href":"https:\/\/eventworks.es\/es\/wp-json\/wp\/v2\/types\/page"}],"author":[{"embeddable":true,"href":"https:\/\/eventworks.es\/es\/wp-json\/wp\/v2\/users\/4"}],"replies":[{"embeddable":true,"href":"https:\/\/eventworks.es\/es\/wp-json\/wp\/v2\/comments?post=427"}],"version-history":[{"count":5,"href":"https:\/\/eventworks.es\/es\/wp-json\/wp\/v2\/pages\/427\/revisions"}],"predecessor-version":[{"id":1333,"href":"https:\/\/eventworks.es\/es\/wp-json\/wp\/v2\/pages\/427\/revisions\/1333"}],"up":[{"embeddable":true,"href":"https:\/\/eventworks.es\/es\/wp-json\/wp\/v2\/pages\/305"}],"wp:attachment":[{"href":"https:\/\/eventworks.es\/es\/wp-json\/wp\/v2\/media?parent=427"}],"curies":[{"name":"wp","href":"https:\/\/api.w.org\/{rel}","templated":true}]}}