{"id":225,"date":"2023-08-10T14:06:23","date_gmt":"2023-08-10T14:06:23","guid":{"rendered":"https:\/\/eventworks.es\/?page_id=225"},"modified":"2025-02-19T16:13:06","modified_gmt":"2025-02-19T16:13:06","slug":"la-agencia","status":"publish","type":"page","link":"https:\/\/eventworks.es\/es\/la-agencia\/","title":{"rendered":"La agencia"},"content":{"rendered":"<p>[et_pb_section fb_built=\u00bb1&#8243; admin_label=\u00bbHeader\u00bb _builder_version=\u00bb4.21.0&#8243; _module_preset=\u00bbdefault\u00bb background_image=\u00bbhttps:\/\/eventworks.es\/wp-content\/uploads\/eventworks-la-agencia.jpg\u00bb custom_padding=\u00bb6vw||6vw||true|false\u00bb bottom_divider_style=\u00bbwave2&#8243; bottom_divider_color=\u00bb#FFFFFF\u00bb bottom_divider_height=\u00bb60px\u00bb collapsed=\u00bbon\u00bb global_colors_info=\u00bb{}\u00bb][et_pb_row _builder_version=\u00bb4.23&#8243; _module_preset=\u00bbdefault\u00bb custom_padding=\u00bb|30px||30px|false|true\u00bb border_radii=\u00bbon|10px|10px|10px|10px\u00bb global_colors_info=\u00bb{}\u00bb][et_pb_column type=\u00bb4_4&#8243; _builder_version=\u00bb4.20.0&#8243; _module_preset=\u00bbdefault\u00bb global_colors_info=\u00bb{}\u00bb][et_pb_text _builder_version=\u00bb4.23&#8243; _dynamic_attributes=\u00bbcontent\u00bb _module_preset=\u00bb784bbb1c-c567-4ae2-b4a4-99b7747d891c\u00bb header_font=\u00bbCormorant Garamond|300|||||||\u00bb header_text_color=\u00bb#FFFFFF\u00bb header_font_size=\u00bb60px\u00bb text_orientation=\u00bbcenter\u00bb header_font_size_tablet=\u00bb50px\u00bb header_font_size_phone=\u00bb45px\u00bb header_font_size_last_edited=\u00bbon|tablet\u00bb header_text_shadow_style=\u00bbpreset3&#8243; global_colors_info=\u00bb{%22gcid-dfca0e9b-c2d5-4a0d-bd54-692f77707a05%22:%91%22header_text_color%22%93}\u00bb]@ET-DC@eyJkeW5hbWljIjp0cnVlLCJjb250ZW50IjoicG9zdF90aXRsZSIsInNldHRpbmdzIjp7ImJlZm9yZSI6IjxoMT4iLCJhZnRlciI6IjwvaDE+In19@[\/et_pb_text][\/et_pb_column][\/et_pb_row][\/et_pb_section][et_pb_section fb_built=\u00bb1&#8243; admin_label=\u00bbAbout\u00bb _builder_version=\u00bb4.21.0&#8243; _module_preset=\u00bbdefault\u00bb collapsed=\u00bbon\u00bb global_colors_info=\u00bb{}\u00bb][et_pb_row column_structure=\u00bb1_2,1_2&#8243; _builder_version=\u00bb4.20.0&#8243; _module_preset=\u00bbdefault\u00bb global_colors_info=\u00bb{}\u00bb][et_pb_column type=\u00bb1_2&#8243; _builder_version=\u00bb4.20.0&#8243; _module_preset=\u00bbdefault\u00bb global_colors_info=\u00bb{}\u00bb][et_pb_text _builder_version=\u00bb4.23&#8243; _module_preset=\u00bb8b94c82f-e853-4b7f-8746-1dd4d80bef8c\u00bb header_2_font=\u00bbCormorant|300|||||||\u00bb header_2_text_color=\u00bb#000000&#8243; header_2_letter_spacing=\u00bb0em\u00bb max_width=\u00bb600px\u00bb header_2_font_size_phone=\u00bb35px\u00bb locked=\u00bboff\u00bb global_colors_info=\u00bb{}\u00bb]<\/p>\n<h2>Tu agencia MICE en Espa\u00f1a<\/h2>\n<p>[\/et_pb_text][et_pb_text _builder_version=\u00bb4.21.0&#8243; _module_preset=\u00bbe72bcae4-0055-4ec8-ba69-72f67391bf4b\u00bb global_colors_info=\u00bb{%22gcid-dfca0e9b-c2d5-4a0d-bd54-692f77707a05%22:%91%22text_text_color%22%93}\u00bb]<\/p>\n<p><strong>Eventworks<\/strong> es una<strong> agencia de DMC<\/strong> creada en 1987. Todo el <strong>equipo es franc\u00f3fono<\/strong>, con dominio de todos y cada uno de los destinos espa\u00f1oles propuestos. Dichos conocimiento nos posicionan como una de las agencias <strong>l\u00edderes en el sector MICE<\/strong>.<\/p>\n<p>Adem\u00e1s, cada oferta est\u00e1 sujeta a un <strong>an\u00e1lisis personalizado<\/strong>, desarrollando los programas adecuados para cada grupo y evento. Ofrecemos gran capacidad de respuesta, precios competitivos, garant\u00edas financieras y una <strong>organizaci\u00f3n perfectamente engrasada en el terreno<\/strong>, siendo todos estos elementos garant\u00eda de \u00e9xito de cualquier evento.<\/p>\n<p>[\/et_pb_text][et_pb_button button_url=\u00bb@ET-DC@eyJkeW5hbWljIjp0cnVlLCJjb250ZW50IjoicG9zdF9saW5rX3VybF9wYWdlIiwic2V0dGluZ3MiOnsicG9zdF9pZCI6IjIyNyJ9fQ==@\u00bb button_text=\u00bbContacta\u00bb button_alignment=\u00bbleft\u00bb _builder_version=\u00bb4.21.0&#8243; _dynamic_attributes=\u00bbbutton_url\u00bb _module_preset=\u00bba590c9b9-20cd-4392-99f8-0de8baf2fcee\u00bb button_text_color=\u00bb#000000&#8243; button_border_color=\u00bb#000000&#8243; button_border_radius=\u00bb0px\u00bb button_use_icon=\u00bboff\u00bb locked=\u00bboff\u00bb global_colors_info=\u00bb{%22gcid-ad629ad7-29bc-4d34-a428-476c380868ee%22:%91%22button_text_color%22%93}\u00bb button_bg_color__hover=\u00bb#C80D3A\u00bb button_bg_color__hover_enabled=\u00bboff|desktop\u00bb button_border_color__hover=\u00bb#C80D3A\u00bb button_border_color__hover_enabled=\u00bbon|hover\u00bb button_text_color__hover_enabled=\u00bboff|desktop\u00bb button_text_color__hover=\u00bb#FFFFFF\u00bb button_bg_enable_color__hover=\u00bbon\u00bb][\/et_pb_button][\/et_pb_column][et_pb_column type=\u00bb1_2&#8243; _builder_version=\u00bb4.20.0&#8243; _module_preset=\u00bbdefault\u00bb global_colors_info=\u00bb{}\u00bb][et_pb_image src=\u00bbhttps:\/\/eventworks.es\/wp-content\/uploads\/eventworks-la-agencia-que-te-acompana-scaled-1.jpg\u00bb title_text=\u00bbeventworks-la-agencia-que-te-acompana-scaled-1&#8243; _builder_version=\u00bb4.21.0&#8243; _module_preset=\u00bbdefault\u00bb global_colors_info=\u00bb{}\u00bb][\/et_pb_image][\/et_pb_column][\/et_pb_row][\/et_pb_section][et_pb_section fb_built=\u00bb1&#8243; admin_label=\u00bbFeatures\u00bb _builder_version=\u00bb4.21.0&#8243; _module_preset=\u00bbdefault\u00bb overflow-x=\u00bbhidden\u00bb overflow-y=\u00bbhidden\u00bb use_background_color_gradient_tablet=\u00bboff\u00bb collapsed=\u00bbon\u00bb global_colors_info=\u00bb{%22gcid-cf870a03-80a6-4d88-85c2-0a445fd22166%22:%91%22box_shadow_color%22%93}\u00bb][et_pb_row column_structure=\u00bb1_2,1_2&#8243; use_custom_gutter=\u00bbon\u00bb gutter_width=\u00bb1&#8243; make_equal=\u00bbon\u00bb custom_padding_last_edited=\u00bboff|desktop\u00bb _builder_version=\u00bb4.21.0&#8243; _module_preset=\u00bbdefault\u00bb custom_padding_tablet=\u00bb60px||||false|false\u00bb custom_padding_phone=\u00bb30px||||false|false\u00bb global_colors_info=\u00bb{%22gcid-cf870a03-80a6-4d88-85c2-0a445fd22166%22:%91%22background_color_gradient_stops%22%93,%22gcid-c22116c1-81a4-4cbf-84dc-c3f928405165%22:%91%22background_color_gradient_stops%22%93}\u00bb][et_pb_column type=\u00bb1_2&#8243; _builder_version=\u00bb4.21.0&#8243; _module_preset=\u00bbdefault\u00bb background_color=\u00bb#E1E1E1&#8243; custom_padding=\u00bb40px|40px|40px|40px|true|true\u00bb border_radii=\u00bboff|10px|||\u00bb box_shadow_style=\u00bbpreset4&#8243; box_shadow_horizontal=\u00bb-20vw\u00bb box_shadow_vertical=\u00bb-20vw\u00bb box_shadow_spread=\u00bb20vw\u00bb box_shadow_color=\u00bb#E1E1E1&#8243; global_colors_info=\u00bb{}\u00bb][et_pb_image src=\u00bbhttps:\/\/eventworks.es\/wp-content\/uploads\/eventworks-trabaja-en-toda-espana-1.jpg\u00bb title_text=\u00bbeventworks-trabaja-en-toda-espana\u00bb _builder_version=\u00bb4.21.0&#8243; _module_preset=\u00bbdefault\u00bb border_radii=\u00bbon|10px|10px|10px|10px\u00bb global_colors_info=\u00bb{}\u00bb][\/et_pb_image][\/et_pb_column][et_pb_column type=\u00bb1_2&#8243; _builder_version=\u00bb4.20.0&#8243; _module_preset=\u00bbdefault\u00bb custom_padding=\u00bb|||60px|false|false\u00bb custom_padding_tablet=\u00bb30px|30px|30px|30px|true|true\u00bb custom_padding_phone=\u00bb20px|20px||20px|false|true\u00bb custom_padding_last_edited=\u00bbon|tablet\u00bb global_colors_info=\u00bb{}\u00bb][et_pb_text _builder_version=\u00bb4.21.0&#8243; _module_preset=\u00bb8b94c82f-e853-4b7f-8746-1dd4d80bef8c\u00bb header_2_font=\u00bbCormorant|300|||||||\u00bb header_2_text_color=\u00bb#000000&#8243; header_2_letter_spacing=\u00bb0em\u00bb max_width=\u00bb600px\u00bb locked=\u00bboff\u00bb global_colors_info=\u00bb{}\u00bb]<\/p>\n<h2>En EventWorks les ofrecemos:<\/h2>\n<p>[\/et_pb_text][et_pb_blurb title=\u00bbPlanificaci\u00f3n personalizada\u00bb use_icon=\u00bbon\u00bb font_icon=\u00bb&#x4e;||divi||400&#8243; _builder_version=\u00bb4.23&#8243; _module_preset=\u00bb4bba4eda-1fb7-4af4-ae8d-4b48f6fed62c\u00bb header_font=\u00bbCormorant Garamond|700|||||||\u00bb custom_margin=\u00bb||30px||false|false\u00bb header_font_size_phone=\u00bb20px\u00bb border_color_all=\u00bbgcid-0157c9e8-50f8-41bb-b9f9-1f2c22f48581&#8243; locked=\u00bboff\u00bb global_colors_info=\u00bb{%22gcid-dfca0e9b-c2d5-4a0d-bd54-692f77707a05%22:%91%22text_text_color%22,%22header_5_text_color%22,%22icon_color%22%93,%22gcid-0157c9e8-50f8-41bb-b9f9-1f2c22f48581%22:%91%22border_color_all%22%93}\u00bb]<\/p>\n<p>Estudio personalizado de sus necesidades y tratamiento personalizado de las mismas.<\/p>\n<p>[\/et_pb_blurb][et_pb_blurb title=\u00bbConocimiento y profesionalidad\u00bb use_icon=\u00bbon\u00bb font_icon=\u00bb&#x4e;||divi||400&#8243; _builder_version=\u00bb4.23&#8243; _module_preset=\u00bb4bba4eda-1fb7-4af4-ae8d-4b48f6fed62c\u00bb header_font=\u00bbCormorant Garamond|700|||||||\u00bb custom_margin=\u00bb||30px||false|false\u00bb header_font_size_phone=\u00bb20px\u00bb border_color_all=\u00bbgcid-0157c9e8-50f8-41bb-b9f9-1f2c22f48581&#8243; locked=\u00bboff\u00bb global_colors_info=\u00bb{%22gcid-dfca0e9b-c2d5-4a0d-bd54-692f77707a05%22:%91%22text_text_color%22,%22header_5_text_color%22,%22icon_color%22,%22text_text_color%22,%22header_5_text_color%22,%22icon_color%22,%22text_text_color%22,%22header_5_text_color%22,%22icon_color%22%93,%22gcid-0157c9e8-50f8-41bb-b9f9-1f2c22f48581%22:%91%22border_color_all%22,%22border_color_all%22,%22border_color_all%22%93}\u00bb]<\/p>\n<p>Perfecto conocimiento de los distintos destinos, principalmente en Espa\u00f1a, as\u00ed como de algunos pa\u00edses como Marruecos y Francia.<\/p>\n<p>[\/et_pb_blurb][et_pb_blurb title=\u00bbGran experiencia\u00bb use_icon=\u00bbon\u00bb font_icon=\u00bb&#x4e;||divi||400&#8243; _builder_version=\u00bb4.23&#8243; _module_preset=\u00bb4bba4eda-1fb7-4af4-ae8d-4b48f6fed62c\u00bb custom_margin=\u00bb||30px||false|false\u00bb header_font_size_phone=\u00bb20px\u00bb border_color_all=\u00bbgcid-0157c9e8-50f8-41bb-b9f9-1f2c22f48581&#8243; locked=\u00bboff\u00bb global_colors_info=\u00bb{%22gcid-dfca0e9b-c2d5-4a0d-bd54-692f77707a05%22:%91%22text_text_color%22,%22header_5_text_color%22,%22icon_color%22,%22text_text_color%22,%22header_5_text_color%22,%22icon_color%22,%22text_text_color%22,%22header_5_text_color%22,%22icon_color%22,%22text_text_color%22,%22header_5_text_color%22,%22icon_color%22%93,%22gcid-0157c9e8-50f8-41bb-b9f9-1f2c22f48581%22:%91%22border_color_all%22,%22border_color_all%22,%22border_color_all%22,%22border_color_all%22%93}\u00bb]<\/p>\n<p>Propuestas de programas con una gran creatividad realizados a medida para su empresa.<\/p>\n<p>[\/et_pb_blurb][et_pb_blurb title=\u00bbAcompa\u00f1amiento\u00bb use_icon=\u00bbon\u00bb font_icon=\u00bb&#x4e;||divi||400&#8243; _builder_version=\u00bb4.23&#8243; _module_preset=\u00bb4bba4eda-1fb7-4af4-ae8d-4b48f6fed62c\u00bb custom_margin=\u00bb||30px||false|false\u00bb header_font_size_phone=\u00bb20px\u00bb border_color_all=\u00bbgcid-0157c9e8-50f8-41bb-b9f9-1f2c22f48581&#8243; locked=\u00bboff\u00bb global_colors_info=\u00bb{%22gcid-dfca0e9b-c2d5-4a0d-bd54-692f77707a05%22:%91%22text_text_color%22,%22header_5_text_color%22,%22icon_color%22%93,%22gcid-0157c9e8-50f8-41bb-b9f9-1f2c22f48581%22:%91%22border_color_all%22%93}\u00bb]<\/p>\n<p>Una perfecta organizaci\u00f3n en el desarrollo de las distintas etapas hasta la finalizaci\u00f3n del proyecto.<\/p>\n<p>[\/et_pb_blurb][\/et_pb_column][\/et_pb_row][\/et_pb_section][et_pb_section fb_built=\u00bb1&#8243; admin_label=\u00bbTestimonials\u00bb _builder_version=\u00bb4.21.0&#8243; _module_preset=\u00bbdefault\u00bb background_color=\u00bb#E1E1E1&#8243; custom_padding=\u00bb0px||0px||true|false\u00bb collapsed=\u00bbon\u00bb global_colors_info=\u00bb{}\u00bb][et_pb_row column_structure=\u00bb1_2,1_2&#8243; use_custom_gutter=\u00bbon\u00bb gutter_width=\u00bb1&#8243; make_equal=\u00bbon\u00bb _builder_version=\u00bb4.21.0&#8243; _module_preset=\u00bbdefault\u00bb width=\u00bb100%\u00bb max_width=\u00bbnone\u00bb custom_padding=\u00bb0px||0px||true|false\u00bb global_colors_info=\u00bb{}\u00bb][et_pb_column type=\u00bb1_2&#8243; _builder_version=\u00bb4.21.0&#8243; _module_preset=\u00bbdefault\u00bb use_background_color_gradient=\u00bbon\u00bb background_color_gradient_stops=\u00bbrgba(0,0,0,0) 0%|#000000 100%\u00bb background_color_gradient_overlays_image=\u00bbon\u00bb background_image=\u00bbhttps:\/\/eventworks.es\/wp-content\/uploads\/en-eventworks-trabaja-en-toda-espana.jpg\u00bb custom_padding=\u00bb6vw|10vw|70px|10vw|false|true\u00bb custom_padding_tablet=\u00bb|70px|70px|70px|false|true\u00bb custom_padding_phone=\u00bb|40px|40px|40px|false|true\u00bb custom_padding_last_edited=\u00bbon|tablet\u00bb global_colors_info=\u00bb{}\u00bb][et_pb_text _builder_version=\u00bb4.23&#8243; _module_preset=\u00bb8b94c82f-e853-4b7f-8746-1dd4d80bef8c\u00bb header_2_font=\u00bbCormorant|300|||||||\u00bb header_2_text_color=\u00bb#FFFFFF\u00bb header_2_letter_spacing=\u00bb0em\u00bb max_width=\u00bb300px\u00bb custom_margin=\u00bb||20px||false|false\u00bb header_2_font_size_tablet=\u00bb40px\u00bb header_2_font_size_phone=\u00bb35px\u00bb header_2_font_size_last_edited=\u00bbon|tablet\u00bb locked=\u00bboff\u00bb global_colors_info=\u00bb{}\u00bb]<\/p>\n<h2>Trabajamos en toda Espa\u00f1a<\/h2>\n<p>[\/et_pb_text][et_pb_button button_url=\u00bbhttps:\/\/eventworks.es\/#destinos\u00bb button_text=\u00bbDestinos\u00bb button_alignment=\u00bbleft\u00bb _builder_version=\u00bb4.23&#8243; _module_preset=\u00bb35fb28dc-58b7-4549-ad05-9aa2e2ccfed7&#8243; button_border_radius=\u00bb0px\u00bb button_use_icon=\u00bboff\u00bb button_bg_color_last_edited=\u00bboff|desktop\u00bb locked=\u00bboff\u00bb global_colors_info=\u00bb{}\u00bb button_bg_color__hover_enabled=\u00bboff|hover\u00bb button_bg_color__hover=\u00bb#000000&#8243; button_bg_enable_color__hover=\u00bbon\u00bb button_border_color__hover_enabled=\u00bbon|hover\u00bb button_border_color__hover=\u00bb#C80D3A\u00bb][\/et_pb_button][\/et_pb_column][et_pb_column type=\u00bb1_2&#8243; _builder_version=\u00bb4.21.0&#8243; _module_preset=\u00bbdefault\u00bb custom_padding=\u00bb5%|4vw|5%|4vw|true|true\u00bb global_colors_info=\u00bb{}\u00bb][et_pb_blurb title=\u00bbVIAJES INCENTIVOS\u00bb use_icon=\u00bbon\u00bb font_icon=\u00bb&#x24;||divi||400&#8243; icon_color=\u00bb#000000&#8243; icon_placement=\u00bbleft\u00bb image_icon_width=\u00bb20px\u00bb _builder_version=\u00bb4.21.0&#8243; _module_preset=\u00bbdefault\u00bb header_font=\u00bb|600|||||||\u00bb header_text_color=\u00bb#000000&#8243; header_letter_spacing=\u00bb3px\u00bb custom_margin=\u00bb||20px||false|false\u00bb global_colors_info=\u00bb{}\u00bb][\/et_pb_blurb][et_pb_blurb title=\u00bbVIAJES TEM\u00c1TICOS\u00bb use_icon=\u00bbon\u00bb font_icon=\u00bb&#x24;||divi||400&#8243; icon_color=\u00bb#000000&#8243; icon_placement=\u00bbleft\u00bb image_icon_width=\u00bb20px\u00bb _builder_version=\u00bb4.21.0&#8243; _module_preset=\u00bbdefault\u00bb header_font=\u00bb|600|||||||\u00bb header_text_color=\u00bb#000000&#8243; header_letter_spacing=\u00bb3px\u00bb custom_margin=\u00bb||20px||false|false\u00bb global_colors_info=\u00bb{}\u00bb][\/et_pb_blurb][et_pb_blurb title=\u00bbSEMINARIOS Y CONVENCIONES\u00bb use_icon=\u00bbon\u00bb font_icon=\u00bb&#x24;||divi||400&#8243; icon_color=\u00bb#000000&#8243; icon_placement=\u00bbleft\u00bb image_icon_width=\u00bb20px\u00bb _builder_version=\u00bb4.21.0&#8243; _module_preset=\u00bbdefault\u00bb header_font=\u00bb|600|||||||\u00bb header_text_color=\u00bb#000000&#8243; header_letter_spacing=\u00bb3px\u00bb custom_margin=\u00bb||20px||false|false\u00bb global_colors_info=\u00bb{}\u00bb][\/et_pb_blurb][et_pb_blurb title=\u00bbCENAS CON ESPECT\u00c1CULOS\u00bb use_icon=\u00bbon\u00bb font_icon=\u00bb&#x24;||divi||400&#8243; icon_color=\u00bb#000000&#8243; icon_placement=\u00bbleft\u00bb image_icon_width=\u00bb20px\u00bb _builder_version=\u00bb4.21.0&#8243; _module_preset=\u00bbdefault\u00bb header_font=\u00bb|600|||||||\u00bb header_text_color=\u00bb#000000&#8243; header_letter_spacing=\u00bb3px\u00bb custom_margin=\u00bb||20px||false|false\u00bb global_colors_info=\u00bb{}\u00bb][\/et_pb_blurb][et_pb_blurb title=\u00bbTEAM BUILDING\u00bb use_icon=\u00bbon\u00bb font_icon=\u00bb&#x24;||divi||400&#8243; icon_color=\u00bb#000000&#8243; icon_placement=\u00bbleft\u00bb image_icon_width=\u00bb20px\u00bb _builder_version=\u00bb4.21.0&#8243; _module_preset=\u00bbdefault\u00bb header_font=\u00bb|600|||||||\u00bb header_text_color=\u00bb#000000&#8243; header_letter_spacing=\u00bb3px\u00bb custom_margin=\u00bb||||false|false\u00bb global_colors_info=\u00bb{}\u00bb][\/et_pb_blurb][\/et_pb_column][\/et_pb_row][\/et_pb_section][et_pb_section fb_built=\u00bb1&#8243; admin_label=\u00bbCall to Action\u00bb _builder_version=\u00bb4.21.0&#8243; _module_preset=\u00bbdefault\u00bb background_color=\u00bbrgba(0,0,0,0.5)\u00bb background_image=\u00bbhttps:\/\/eventworks.es\/wp-content\/uploads\/organizamos-lo-que-necesitas.jpg\u00bb background_blend=\u00bbmultiply\u00bb custom_padding=\u00bb16vw||16vw||true|false\u00bb top_divider_color=\u00bb#FFFFFF\u00bb top_divider_height=\u00bb62px\u00bb background_last_edited=\u00bboff|desktop\u00bb background_position_tablet=\u00bbcenter\u00bb background_position_phone=\u00bbcenter\u00bb global_module=\u00bb631&#8243; saved_tabs=\u00bball\u00bb collapsed=\u00bbon\u00bb global_colors_info=\u00bb{}\u00bb][et_pb_row custom_padding_last_edited=\u00bbon|tablet\u00bb _builder_version=\u00bb4.20.0&#8243; _module_preset=\u00bbdefault\u00bb custom_padding=\u00bb|120px||120px|false|true\u00bb custom_padding_tablet=\u00bb|8%||8%|false|true\u00bb custom_padding_phone=\u00bb||||false|false\u00bb global_colors_info=\u00bb{}\u00bb][et_pb_column type=\u00bb4_4&#8243; _builder_version=\u00bb4.20.0&#8243; _module_preset=\u00bbdefault\u00bb global_colors_info=\u00bb{}\u00bb][et_pb_text _builder_version=\u00bb4.23&#8243; _module_preset=\u00bb8b94c82f-e853-4b7f-8746-1dd4d80bef8c\u00bb header_text_color=\u00bb#FEFAF2&#8243; header_2_font=\u00bbCormorant Garamond||||||||\u00bb header_2_text_color=\u00bb#FEFAF2&#8243; header_2_letter_spacing=\u00bb0em\u00bb text_orientation=\u00bbcenter\u00bb custom_margin=\u00bb||10px||false|false\u00bb header_2_font_size_phone=\u00bb30px\u00bb global_colors_info=\u00bb{}\u00bb]<\/p>\n<h2>Cada detalle, cada sonrisa, cada emoci\u00f3n\u2026<\/h2>\n<p>[\/et_pb_text][et_pb_text _builder_version=\u00bb4.23.1&#8243; _module_preset=\u00bbff068cd0-f35e-4935-8fb6-b76247dec340&#8243; text_text_color=\u00bb#FFFFFF\u00bb text_orientation=\u00bbcenter\u00bb global_colors_info=\u00bb{}\u00bb]<\/p>\n<p>Somos apasionados y empleamos toda nuestra energ\u00eda en hacer de tus eventos momentos inolvidables.<br \/><strong>\u00bfEmpezamos a trabajar juntos?<\/strong><\/p>\n<p>[\/et_pb_text][et_pb_button button_url=\u00bb@ET-DC@eyJkeW5hbWljIjp0cnVlLCJjb250ZW50IjoicG9zdF9saW5rX3VybF9wYWdlIiwic2V0dGluZ3MiOnsicG9zdF9pZCI6IjIyNyJ9fQ==@\u00bb button_text=\u00bbContacta con el equipo\u00bb button_alignment=\u00bbcenter\u00bb _builder_version=\u00bb4.23&#8243; _dynamic_attributes=\u00bbbutton_url\u00bb _module_preset=\u00bb35fb28dc-58b7-4549-ad05-9aa2e2ccfed7&#8243; button_border_radius=\u00bb0px\u00bb button_use_icon=\u00bboff\u00bb custom_margin=\u00bb|-10px||-10px|false|true\u00bb custom_padding_tablet=\u00bb\u00bb custom_padding_phone=\u00bb15px|15px|15px|15px|true|true\u00bb custom_padding_last_edited=\u00bbon|phone\u00bb button_bg_color_last_edited=\u00bboff|desktop\u00bb global_colors_info=\u00bb{}\u00bb button_bg_color__hover_enabled=\u00bboff|hover\u00bb button_bg_color__hover=\u00bb#000000&#8243; button_bg_enable_color__hover=\u00bbon\u00bb button_border_color__hover_enabled=\u00bbon|hover\u00bb button_border_color__hover=\u00bb#C80D3A\u00bb][\/et_pb_button][\/et_pb_column][\/et_pb_row][\/et_pb_section]<\/p>\n","protected":false},"excerpt":{"rendered":"<p>Tu agencia MICE en Espa\u00f1aEventworks es una agencia de DMC creada en 1987. Todo el equipo es franc\u00f3fono, con dominio de todos y cada uno de los destinos espa\u00f1oles propuestos. Dichos conocimiento nos posicionan como una de las agencias l\u00edderes en el sector MICE. Adem\u00e1s, cada oferta est\u00e1 sujeta a un an\u00e1lisis personalizado, desarrollando los [&hellip;]<\/p>\n","protected":false},"author":4,"featured_media":0,"parent":0,"menu_order":0,"comment_status":"closed","ping_status":"closed","template":"","meta":{"_et_pb_use_builder":"on","_et_pb_old_content":"","_et_gb_content_width":"","footnotes":""},"class_list":["post-225","page","type-page","status-publish","hentry"],"yoast_head":"<!-- This site is optimized with the Yoast SEO plugin v27.3 - https:\/\/yoast.com\/product\/yoast-seo-wordpress\/ -->\n<title>Tu agencia MICE en Espa\u00f1a- Eventworks<\/title>\n<meta name=\"description\" content=\"Eventworks es una agencia de DMC creada en 1987. Todo el equipo es franc\u00f3fono, con dominio de todos y cada uno de los destinos espa\u00f1oles propuestos.\" \/>\n<meta name=\"robots\" content=\"index, follow, max-snippet:-1, max-image-preview:large, max-video-preview:-1\" \/>\n<link rel=\"canonical\" href=\"https:\/\/eventworks.es\/es\/la-agencia\/\" \/>\n<meta property=\"og:locale\" content=\"es_ES\" \/>\n<meta property=\"og:type\" content=\"article\" \/>\n<meta property=\"og:title\" content=\"Tu agencia MICE en Espa\u00f1a- Eventworks\" \/>\n<meta property=\"og:description\" content=\"Eventworks es una agencia de DMC creada en 1987. Todo el equipo es franc\u00f3fono, con dominio de todos y cada uno de los destinos espa\u00f1oles propuestos.\" \/>\n<meta property=\"og:url\" content=\"https:\/\/eventworks.es\/es\/la-agencia\/\" \/>\n<meta property=\"og:site_name\" content=\"Eventworks\" \/>\n<meta property=\"article:modified_time\" content=\"2025-02-19T16:13:06+00:00\" \/>\n<meta name=\"twitter:card\" content=\"summary_large_image\" \/>\n<meta name=\"twitter:label1\" content=\"Tiempo de lectura\" \/>\n\t<meta name=\"twitter:data1\" content=\"2 minutos\" \/>\n<script type=\"application\/ld+json\" class=\"yoast-schema-graph\">{\"@context\":\"https:\\\/\\\/schema.org\",\"@graph\":[{\"@type\":\"WebPage\",\"@id\":\"https:\\\/\\\/eventworks.es\\\/es\\\/la-agencia\\\/\",\"url\":\"https:\\\/\\\/eventworks.es\\\/es\\\/la-agencia\\\/\",\"name\":\"Tu agencia MICE en Espa\u00f1a- Eventworks\",\"isPartOf\":{\"@id\":\"https:\\\/\\\/eventworks.es\\\/es\\\/#website\"},\"datePublished\":\"2023-08-10T14:06:23+00:00\",\"dateModified\":\"2025-02-19T16:13:06+00:00\",\"description\":\"Eventworks es una agencia de DMC creada en 1987. Todo el equipo es franc\u00f3fono, con dominio de todos y cada uno de los destinos espa\u00f1oles propuestos.\",\"breadcrumb\":{\"@id\":\"https:\\\/\\\/eventworks.es\\\/es\\\/la-agencia\\\/#breadcrumb\"},\"inLanguage\":\"es\",\"potentialAction\":[{\"@type\":\"ReadAction\",\"target\":[\"https:\\\/\\\/eventworks.es\\\/es\\\/la-agencia\\\/\"]}]},{\"@type\":\"BreadcrumbList\",\"@id\":\"https:\\\/\\\/eventworks.es\\\/es\\\/la-agencia\\\/#breadcrumb\",\"itemListElement\":[{\"@type\":\"ListItem\",\"position\":1,\"name\":\"Portada\",\"item\":\"https:\\\/\\\/eventworks.es\\\/es\\\/\"},{\"@type\":\"ListItem\",\"position\":2,\"name\":\"La agencia\"}]},{\"@type\":\"WebSite\",\"@id\":\"https:\\\/\\\/eventworks.es\\\/es\\\/#website\",\"url\":\"https:\\\/\\\/eventworks.es\\\/es\\\/\",\"name\":\"Eventworks\",\"description\":\"Your MICE Partner in Spain\",\"potentialAction\":[{\"@type\":\"SearchAction\",\"target\":{\"@type\":\"EntryPoint\",\"urlTemplate\":\"https:\\\/\\\/eventworks.es\\\/es\\\/?s={search_term_string}\"},\"query-input\":{\"@type\":\"PropertyValueSpecification\",\"valueRequired\":true,\"valueName\":\"search_term_string\"}}],\"inLanguage\":\"es\"}]}<\/script>\n<!-- \/ Yoast SEO plugin. -->","yoast_head_json":{"title":"Tu agencia MICE en Espa\u00f1a- Eventworks","description":"Eventworks es una agencia de DMC creada en 1987. Todo el equipo es franc\u00f3fono, con dominio de todos y cada uno de los destinos espa\u00f1oles propuestos.","robots":{"index":"index","follow":"follow","max-snippet":"max-snippet:-1","max-image-preview":"max-image-preview:large","max-video-preview":"max-video-preview:-1"},"canonical":"https:\/\/eventworks.es\/es\/la-agencia\/","og_locale":"es_ES","og_type":"article","og_title":"Tu agencia MICE en Espa\u00f1a- Eventworks","og_description":"Eventworks es una agencia de DMC creada en 1987. Todo el equipo es franc\u00f3fono, con dominio de todos y cada uno de los destinos espa\u00f1oles propuestos.","og_url":"https:\/\/eventworks.es\/es\/la-agencia\/","og_site_name":"Eventworks","article_modified_time":"2025-02-19T16:13:06+00:00","twitter_card":"summary_large_image","twitter_misc":{"Tiempo de lectura":"2 minutos"},"schema":{"@context":"https:\/\/schema.org","@graph":[{"@type":"WebPage","@id":"https:\/\/eventworks.es\/es\/la-agencia\/","url":"https:\/\/eventworks.es\/es\/la-agencia\/","name":"Tu agencia MICE en Espa\u00f1a- Eventworks","isPartOf":{"@id":"https:\/\/eventworks.es\/es\/#website"},"datePublished":"2023-08-10T14:06:23+00:00","dateModified":"2025-02-19T16:13:06+00:00","description":"Eventworks es una agencia de DMC creada en 1987. Todo el equipo es franc\u00f3fono, con dominio de todos y cada uno de los destinos espa\u00f1oles propuestos.","breadcrumb":{"@id":"https:\/\/eventworks.es\/es\/la-agencia\/#breadcrumb"},"inLanguage":"es","potentialAction":[{"@type":"ReadAction","target":["https:\/\/eventworks.es\/es\/la-agencia\/"]}]},{"@type":"BreadcrumbList","@id":"https:\/\/eventworks.es\/es\/la-agencia\/#breadcrumb","itemListElement":[{"@type":"ListItem","position":1,"name":"Portada","item":"https:\/\/eventworks.es\/es\/"},{"@type":"ListItem","position":2,"name":"La agencia"}]},{"@type":"WebSite","@id":"https:\/\/eventworks.es\/es\/#website","url":"https:\/\/eventworks.es\/es\/","name":"Eventworks","description":"Your MICE Partner in Spain","potentialAction":[{"@type":"SearchAction","target":{"@type":"EntryPoint","urlTemplate":"https:\/\/eventworks.es\/es\/?s={search_term_string}"},"query-input":{"@type":"PropertyValueSpecification","valueRequired":true,"valueName":"search_term_string"}}],"inLanguage":"es"}]}},"_links":{"self":[{"href":"https:\/\/eventworks.es\/es\/wp-json\/wp\/v2\/pages\/225","targetHints":{"allow":["GET"]}}],"collection":[{"href":"https:\/\/eventworks.es\/es\/wp-json\/wp\/v2\/pages"}],"about":[{"href":"https:\/\/eventworks.es\/es\/wp-json\/wp\/v2\/types\/page"}],"author":[{"embeddable":true,"href":"https:\/\/eventworks.es\/es\/wp-json\/wp\/v2\/users\/4"}],"replies":[{"embeddable":true,"href":"https:\/\/eventworks.es\/es\/wp-json\/wp\/v2\/comments?post=225"}],"version-history":[{"count":5,"href":"https:\/\/eventworks.es\/es\/wp-json\/wp\/v2\/pages\/225\/revisions"}],"predecessor-version":[{"id":1815,"href":"https:\/\/eventworks.es\/es\/wp-json\/wp\/v2\/pages\/225\/revisions\/1815"}],"wp:attachment":[{"href":"https:\/\/eventworks.es\/es\/wp-json\/wp\/v2\/media?parent=225"}],"curies":[{"name":"wp","href":"https:\/\/api.w.org\/{rel}","templated":true}]}}